{"id":12,"date":"2015-03-04T21:23:27","date_gmt":"2015-03-04T21:23:27","guid":{"rendered":"http:\/\/tdch.be\/WP3\/?page_id=12"},"modified":"2025-06-17T06:17:12","modified_gmt":"2025-06-17T06:17:12","slug":"entrainements","status":"publish","type":"page","link":"https:\/\/tdch.be\/WP3\/entrainements\/","title":{"rendered":"Entrainements"},"content":{"rendered":"<p align=\"center\"><strong><span style=\"font-family: Century Gothic; font-size: small;\">++++++++++++<br \/>\nIl est pr\u00e9f\u00e9rable de consulter la <a href=\"http:\/\/www.tdch.be\/forum\/viewforum.php?f=6\" target=\"_blank\" rel=\"noopener noreferrer\"><span style=\"text-decoration: underline;\"><span style=\"color: #ff0000;\">zone membres<\/span><\/span><\/a> afin de conna\u00eetre toute modification pour une s\u00e9ance d&rsquo;entra\u00eenement.<br \/>\n++++++++++++<br \/>\n<\/span><\/strong><\/p>\n<p><span style=\"font-family: Century Gothic; font-size: large;\"><strong><span style=\"font-size: x-large;\">Ann\u00e9e 2025<\/span><\/strong><\/span><\/p>\n<p><span style=\"font-family: Century Gothic; font-size: medium;\"><b><span style=\"text-decoration: underline;\"><span style=\"text-decoration: underline;\">JANVIER &#8211; FEVRIER &#8211; MARS &#8211; AVRIL<\/span><\/span><\/b><\/span><\/p>\n<table width=\"543\">\n<tbody>\n<tr>\n<td rowspan=\"3\" width=\"123\"><strong>Natation Avec entra\u00eeneur<\/strong><\/td>\n<td width=\"96\">Mardi***<\/td>\n<td width=\"161\">De 21h30 \u00e0 22h30<\/td>\n<td rowspan=\"3\" width=\"163\">Piscine de Herve<\/td>\n<\/tr>\n<tr>\n<td width=\"96\">Mercredi***<\/td>\n<td width=\"161\">De 21h \u00e0 22h<\/td>\n<\/tr>\n<tr>\n<td width=\"96\">Dimanche<\/td>\n<td width=\"161\">De 08h \u00e0 09h<\/td>\n<\/tr>\n<tr>\n<td width=\"123\"><strong>Natation Sans entra\u00eeneur<\/strong><\/td>\n<td width=\"96\">Samedi<\/td>\n<td width=\"161\">De 18h30 \u00e0 19h30<\/td>\n<td width=\"163\">Piscine de Herve<\/td>\n<\/tr>\n<tr>\n<td rowspan=\"2\" width=\"123\"><strong>V\u00e9lo<\/strong><\/td>\n<td width=\"96\">Samedi*<\/td>\n<td width=\"161\"><\/td>\n<td width=\"163\"><\/td>\n<\/tr>\n<tr>\n<td width=\"96\">Dimanche<\/td>\n<td width=\"161\">\u00c0 09h30, apr\u00e8s la piscine<\/td>\n<td width=\"163\">Parking piscine de Herve<\/td>\n<\/tr>\n<tr>\n<td rowspan=\"2\" width=\"123\"><strong>Course \u00e0 Pied Avec entra\u00eeneur<\/strong><\/td>\n<td width=\"96\">Mardi<\/td>\n<td width=\"161\">\u00c0 20h, avant la piscine<\/td>\n<td width=\"163\">Parking piscine de Herve<\/td>\n<\/tr>\n<\/tbody>\n<\/table>\n<p><span style=\"font-family: Century Gothic; font-size: medium;\"><b><span style=\"text-decoration: underline;\"><span style=\"text-decoration: underline;\">MAI\u00a0&#8211;\u00a0JUIN<\/span><\/span><\/b><\/span><\/p>\n<table width=\"543\">\n<tbody>\n<tr>\n<td rowspan=\"3\" width=\"123\"><strong>Natation Avec entra\u00eeneur<\/strong><\/td>\n<td width=\"96\">Mardi***<\/td>\n<td width=\"161\">De 21h30 \u00e0 22h30<\/td>\n<td rowspan=\"3\" width=\"163\">Piscine de Herve<\/td>\n<\/tr>\n<tr>\n<td width=\"96\">Mercredi***<\/td>\n<td width=\"161\">De 21h \u00e0 22h<\/td>\n<\/tr>\n<tr>\n<td width=\"96\">Dimanche<\/td>\n<td width=\"161\">De 08h \u00e0 09h<\/td>\n<\/tr>\n<tr>\n<td rowspan=\"2\" width=\"123\"><strong>Natation Sans entra\u00eeneur<\/strong><\/td>\n<td width=\"96\">Samedi<\/td>\n<td width=\"161\">De 18h30 \u00e0 19h30<\/td>\n<td width=\"163\">Piscine de Herve<\/td>\n<\/tr>\n<tr>\n<td width=\"96\">Lundi et Jeudi**<\/td>\n<td width=\"161\">De 19h \u00e0 20h30<\/td>\n<td width=\"163\">Piscine de W\u00e9gimont<\/td>\n<\/tr>\n<tr>\n<td rowspan=\"2\" width=\"123\"><strong>V\u00e9lo<\/strong><\/td>\n<td width=\"96\">Samedi*<\/td>\n<td width=\"161\"><\/td>\n<td width=\"163\"><\/td>\n<\/tr>\n<tr>\n<td width=\"96\">Dimanche<\/td>\n<td width=\"161\">\u00c0 09h30, apr\u00e8s la piscine<\/td>\n<td width=\"163\">Parking piscine de Herve<\/td>\n<\/tr>\n<tr>\n<td rowspan=\"2\" width=\"123\"><strong>Course \u00e0 Pied Avec entra\u00eeneur<\/strong><\/td>\n<td width=\"96\">Mardi<\/td>\n<td width=\"161\">\u00c0 20h, avant la piscine<\/td>\n<td width=\"163\">Parking piscine de Herve<\/td>\n<\/tr>\n<\/tbody>\n<\/table>\n<p><span style=\"font-family: Century Gothic; font-size: medium;\"><b><span style=\"text-decoration: underline;\"><span style=\"text-decoration: underline;\">JUILLET &#8211; AOUT<\/span><\/span><\/b><\/span><\/p>\n<table width=\"543\">\n<tbody>\n<tr>\n<td rowspan=\"2\" width=\"123\"><strong>Natation Avec entra\u00eeneur<\/strong><\/td>\n<td width=\"96\">Mardi<\/td>\n<td width=\"161\">De 19h \u00e0 20h<\/td>\n<td rowspan=\"2\" width=\"163\">Piscine de Herve<\/td>\n<\/tr>\n<tr>\n<td width=\"96\">Dimanche<\/td>\n<td width=\"161\">De 08h \u00e0 09h<\/td>\n<\/tr>\n<tr>\n<td rowspan=\"2\" width=\"123\"><strong>Natation Sans entra\u00eeneur<\/strong><\/td>\n<td width=\"96\">Samedi<\/td>\n<td width=\"161\">De 17h \u00e0 18h<\/td>\n<td width=\"163\">Piscine de Herve<\/td>\n<\/tr>\n<tr>\n<td width=\"96\">Lundi et Jeudi**<\/td>\n<td width=\"161\">De 19h \u00e0 20h30<\/td>\n<td width=\"163\">Piscine de W\u00e9gimont<\/td>\n<\/tr>\n<tr>\n<td rowspan=\"2\" width=\"123\"><strong>V\u00e9lo<\/strong><\/td>\n<td width=\"96\">Samedi*<\/td>\n<td width=\"161\"><\/td>\n<td width=\"163\"><\/td>\n<\/tr>\n<tr>\n<td width=\"96\">Dimanche<\/td>\n<td width=\"161\">\u00c0 09h30, apr\u00e8s la piscine<\/td>\n<td width=\"163\">Parking piscine de Herve<\/td>\n<\/tr>\n<tr>\n<td width=\"123\"><strong>Course \u00e0 Pied Avec entra\u00eeneur<\/strong><\/td>\n<td width=\"96\">Mardi<\/td>\n<td width=\"161\">\u00c0 20h30, apr\u00e8s la piscine<\/td>\n<td width=\"163\">Parking piscine de Herve<\/td>\n<\/tr>\n<\/tbody>\n<\/table>\n<p><span style=\"font-family: Century Gothic; font-size: medium;\"><b><span style=\"text-decoration: underline;\"><span style=\"text-decoration: underline;\">SEPTEMBRE &#8211; DECEMBRE<\/span><\/span><\/b><\/span><\/p>\n<table width=\"543\">\n<tbody>\n<tr>\n<td rowspan=\"2\" width=\"123\"><strong>Natation Avec entra\u00eeneur<\/strong><\/td>\n<td width=\"96\">Mardi<\/td>\n<td width=\"161\">De 21h30 \u00e0 22h30<\/td>\n<td rowspan=\"2\" width=\"163\">Piscine de Herve<\/td>\n<\/tr>\n<tr>\n<td width=\"96\">Dimanche<\/td>\n<td width=\"161\">De 08h \u00e0 09h<\/td>\n<\/tr>\n<tr>\n<td width=\"123\"><strong>Natation Sans entra\u00eeneur<\/strong><\/td>\n<td width=\"96\">Samedi<\/td>\n<td width=\"161\">De 18h30 \u00e0 19h30<\/td>\n<td width=\"163\">Piscine de Herve<\/td>\n<\/tr>\n<tr>\n<td rowspan=\"2\" width=\"123\"><strong>V\u00e9lo<\/strong><\/td>\n<td width=\"96\">Samedi*<\/td>\n<td width=\"161\"><\/td>\n<td width=\"163\"><\/td>\n<\/tr>\n<tr>\n<td width=\"96\">Dimanche<\/td>\n<td width=\"161\">\u00c0 09h30, apr\u00e8s la piscine<\/td>\n<td width=\"163\">Parking piscine de Herve<\/td>\n<\/tr>\n<tr>\n<td width=\"123\"><strong>Course \u00e0 Pied Avec entra\u00eeneur<\/strong><\/td>\n<td width=\"96\">Mardi<\/td>\n<td width=\"161\">\u00c0 20h, avant la piscine<\/td>\n<td width=\"163\">Parking piscine de Herve<\/td>\n<\/tr>\n<\/tbody>\n<\/table>\n<p align=\"justify\"><strong><span style=\"font-family: Century Gothic; font-size: small;\">(*) : Le rendez-vous v\u00e9lo du samedi est toujours confirm\u00e9 dans la <a href=\"http:\/\/www.tdch.be\/forum\/viewforum.php?f=21\" target=\"_blank\" rel=\"noopener noreferrer\"><span style=\"text-decoration: underline;\"><span style=\"color: #ff0000;\">Zone Membres du site<\/span><\/span><\/a>, rubrique <a href=\"http:\/\/www.tdch.be\/forum\/viewforum.php?f=6\" target=\"_blank\" rel=\"noopener noreferrer\"><span style=\"text-decoration: underline;\"><span style=\"color: #ff0000;\">Entra\u00eenements<\/span><\/span><\/a>.<\/span><\/strong><\/p>\n<p align=\"justify\"><strong><span style=\"font-family: Century Gothic; font-size: small;\">(**) : La mise \u00e0 disposition de la piscine de W\u00e9gimont en mai est confirm\u00e9e <strong><span style=\"font-family: Century Gothic; font-size: small;\">dans la <\/span><\/strong><a href=\"http:\/\/www.tdch.be\/forum\/viewforum.php?f=21\" target=\"_blank\" rel=\"noopener noreferrer\"><span style=\"text-decoration: underline;\"><span style=\"color: #ff0000;\"><strong><span style=\"font-family: Century Gothic; font-size: small;\">Zone Membres du site<\/span><\/strong><\/span><\/span><\/a><strong><span style=\"font-family: Century Gothic; font-size: small;\">, rubrique <\/span><\/strong><a href=\"http:\/\/www.tdch.be\/forum\/viewforum.php?f=6\" target=\"_blank\" rel=\"noopener noreferrer\"><span style=\"text-decoration: underline;\"><span style=\"color: #ff0000;\"><strong><span style=\"font-family: Century Gothic; font-size: small;\">Entra\u00eenements<\/span><\/strong><\/span><\/span><\/a><strong><span style=\"font-family: Century Gothic; font-size: small;\">.<\/span><\/strong><\/span><\/strong><\/p>\n<p align=\"justify\"><strong><span style=\"font-family: Century Gothic; font-size: small;\">(***) : Le membre doit faire un choix entre l&rsquo;entrainement du mardi ou du mercredi et s&rsquo;y tenir pendant la p\u00e9riode de janvier \u00e0\u00a0juin inclus. Les candidats-membre n&rsquo;ont pas acc\u00e8s aux entrainements des mardi et mercredi.<\/span><\/strong><\/p>\n","protected":false},"excerpt":{"rendered":"<p>++++++++++++ Il est pr\u00e9f\u00e9rable de consulter la zone membres afin de conna\u00eetre toute modification pour une s\u00e9ance d&rsquo;entra\u00eenement. ++++++++++++ Ann\u00e9e 2025 JANVIER &#8211; FEVRIER &#8211; MARS &#8211; AVRIL Natation Avec entra\u00eeneur Mardi*** De 21h30 \u00e0 22h30 Piscine de Herve Mercredi*** De 21h \u00e0 22h Dimanche De 08h \u00e0 09h Natation Sans entra\u00eeneur Samedi De 18h30 [&hellip;]<\/p>\n","protected":false},"author":1,"featured_media":0,"parent":0,"menu_order":0,"comment_status":"closed","ping_status":"closed","template":"","meta":{"footnotes":""},"class_list":["post-12","page","type-page","status-publish","hentry"],"_links":{"self":[{"href":"https:\/\/tdch.be\/WP3\/wp-json\/wp\/v2\/pages\/12","targetHints":{"allow":["GET"]}}],"collection":[{"href":"https:\/\/tdch.be\/WP3\/wp-json\/wp\/v2\/pages"}],"about":[{"href":"https:\/\/tdch.be\/WP3\/wp-json\/wp\/v2\/types\/page"}],"author":[{"embeddable":true,"href":"https:\/\/tdch.be\/WP3\/wp-json\/wp\/v2\/users\/1"}],"replies":[{"embeddable":true,"href":"https:\/\/tdch.be\/WP3\/wp-json\/wp\/v2\/comments?post=12"}],"version-history":[{"count":17,"href":"https:\/\/tdch.be\/WP3\/wp-json\/wp\/v2\/pages\/12\/revisions"}],"predecessor-version":[{"id":926,"href":"https:\/\/tdch.be\/WP3\/wp-json\/wp\/v2\/pages\/12\/revisions\/926"}],"wp:attachment":[{"href":"https:\/\/tdch.be\/WP3\/wp-json\/wp\/v2\/media?parent=12"}],"curies":[{"name":"wp","href":"https:\/\/api.w.org\/{rel}","templated":true}]}}