{"id":929,"date":"2025-08-03T20:24:51","date_gmt":"2025-08-03T20:24:51","guid":{"rendered":"http:\/\/tdch.be\/WP3\/?page_id=929"},"modified":"2025-12-15T21:02:30","modified_gmt":"2025-12-15T21:02:30","slug":"entrainements-dison","status":"publish","type":"page","link":"http:\/\/tdch.be\/WP3\/entrainements-dison\/","title":{"rendered":"Entrainements &#8211; Dison"},"content":{"rendered":"<p align=\"center\"><strong><span style=\"font-family: Century Gothic; font-size: small;\">++++++++++++<br \/>\nIl est pr\u00e9f\u00e9rable de consulter la <a href=\"http:\/\/www.tdch.be\/forum\/viewforum.php?f=6\" target=\"_blank\" rel=\"noopener noreferrer\"><span style=\"text-decoration: underline;\"><span style=\"color: #ff0000;\">zone membres<\/span><\/span><\/a> afin de conna\u00eetre toute modification pour une s\u00e9ance d&rsquo;entra\u00eenement.<br \/>\n++++++++++++<br \/>\n<\/span><\/strong><\/p>\n<p><span style=\"font-family: Century Gothic; font-size: large;\"><strong><span style=\"font-size: x-large;\">Ann\u00e9e 2026<\/span><\/strong><\/span><\/p>\n<p><span style=\"font-family: Century Gothic; font-size: medium;\"><b><span style=\"text-decoration: underline;\">JANVIER &#8211; FEVRIER &#8211; MARS &#8211; AVRIL<\/span><\/b><\/span><\/p>\n<table width=\"543\">\n<tbody>\n<tr>\n<td rowspan=\"3\" width=\"123\"><strong>Natation Avec entra\u00eeneur<\/strong><\/td>\n<td width=\"96\"><\/td>\n<td width=\"161\"><\/td>\n<td rowspan=\"3\" width=\"163\">Piscine de Dison<\/td>\n<\/tr>\n<tr>\n<td width=\"96\">Mercredi<\/td>\n<td width=\"161\">De 21h30 \u00e0 22h30<\/td>\n<\/tr>\n<tr>\n<td width=\"96\">Dimanche<\/td>\n<td width=\"161\">De 08h \u00e0 09h<\/td>\n<\/tr>\n<tr>\n<td width=\"123\"><\/td>\n<td width=\"96\"><\/td>\n<td width=\"161\"><\/td>\n<td width=\"163\"><\/td>\n<\/tr>\n<tr>\n<td rowspan=\"2\" width=\"123\"><strong>V\u00e9lo<\/strong><\/td>\n<td width=\"96\">Samedi*<\/td>\n<td width=\"161\"><\/td>\n<td width=\"163\"><\/td>\n<\/tr>\n<tr>\n<td width=\"96\">Dimanche<\/td>\n<td width=\"161\">\u00c0 09h30, apr\u00e8s la piscine<\/td>\n<td width=\"163\">Parking piscine de Dison<\/td>\n<\/tr>\n<tr>\n<td rowspan=\"2\" width=\"123\"><strong>Course \u00e0 Pied Avec entra\u00eeneur<\/strong><\/td>\n<td width=\"96\">Mercredi<\/td>\n<td width=\"161\">\u00c0 20h<\/td>\n<td width=\"163\">Parking piscine de Dison<\/td>\n<\/tr>\n<\/tbody>\n<\/table>\n<p><span style=\"font-family: Century Gothic; font-size: medium;\"><b><span style=\"text-decoration: underline;\">MAI\u00a0&#8211;\u00a0JUIN<\/span><\/b><\/span><\/p>\n<table width=\"543\">\n<tbody>\n<tr>\n<td rowspan=\"3\" width=\"123\"><strong>Natation Avec entra\u00eeneur<\/strong><\/td>\n<td width=\"96\"><\/td>\n<td width=\"161\"><\/td>\n<td rowspan=\"3\" width=\"163\">Piscine de Dison<\/td>\n<\/tr>\n<tr>\n<td width=\"96\">Mercredi<\/td>\n<td width=\"161\">De 21h30 \u00e0 22h30<\/td>\n<\/tr>\n<tr>\n<td width=\"96\">Dimanche<\/td>\n<td width=\"161\">De 08h \u00e0 09h<\/td>\n<\/tr>\n<tr>\n<td rowspan=\"2\" width=\"123\"><\/td>\n<td width=\"96\"><\/td>\n<td width=\"161\"><\/td>\n<td width=\"163\"><\/td>\n<\/tr>\n<tr>\n<td width=\"96\"><\/td>\n<td width=\"161\"><\/td>\n<td width=\"163\"><\/td>\n<\/tr>\n<tr>\n<td rowspan=\"2\" width=\"123\"><strong>V\u00e9lo<\/strong><\/td>\n<td width=\"96\">Samedi*<\/td>\n<td width=\"161\"><\/td>\n<td width=\"163\"><\/td>\n<\/tr>\n<tr>\n<td width=\"96\">Dimanche<\/td>\n<td width=\"161\">\u00c0 09h30, apr\u00e8s la piscine<\/td>\n<td width=\"163\">Parking piscine de Dison<\/td>\n<\/tr>\n<tr>\n<td rowspan=\"2\" width=\"123\"><strong>Course \u00e0 Pied Avec entra\u00eeneur<\/strong><\/td>\n<td width=\"96\">Mercredi<\/td>\n<td width=\"161\">\u00c0 20h<\/td>\n<td width=\"163\">Parking piscine de Dison<\/td>\n<\/tr>\n<\/tbody>\n<\/table>\n<p><span style=\"font-family: Century Gothic; font-size: medium;\"><b><span style=\"text-decoration: underline;\">JUILLET &#8211; AOUT<\/span><\/b><\/span><\/p>\n<table width=\"543\">\n<tbody>\n<tr>\n<td rowspan=\"2\" width=\"123\"><strong>Natation Avec entra\u00eeneur<\/strong><\/td>\n<td width=\"96\">Mercredi<\/td>\n<td width=\"161\">De 21h30 \u00e0 22h30<\/td>\n<td rowspan=\"2\" width=\"163\">Piscine de Dison<\/td>\n<\/tr>\n<tr>\n<td width=\"96\">Dimanche<\/td>\n<td width=\"161\">De 08h \u00e0 09h<\/td>\n<\/tr>\n<tr>\n<td rowspan=\"2\" width=\"123\"><strong>Natation Sans entra\u00eeneur<\/strong><\/td>\n<td width=\"96\"><\/td>\n<td width=\"161\"><\/td>\n<td width=\"163\"><\/td>\n<\/tr>\n<tr>\n<td width=\"96\">Lundi et Jeudi**<\/td>\n<td width=\"161\">De 19h \u00e0 20h30<\/td>\n<td width=\"163\">Piscine de W\u00e9gimont<\/td>\n<\/tr>\n<tr>\n<td rowspan=\"2\" width=\"123\"><strong>V\u00e9lo<\/strong><\/td>\n<td width=\"96\">Samedi*<\/td>\n<td width=\"161\"><\/td>\n<td width=\"163\"><\/td>\n<\/tr>\n<tr>\n<td width=\"96\">Dimanche<\/td>\n<td width=\"161\">\u00c0 09h30, apr\u00e8s la piscine<\/td>\n<td width=\"163\">Parking piscine de Dison<\/td>\n<\/tr>\n<tr>\n<td width=\"123\"><strong>Course \u00e0 Pied Avec entra\u00eeneur<\/strong><\/td>\n<td width=\"96\">Mercredi<\/td>\n<td width=\"161\">\u00c0 20h<\/td>\n<td width=\"163\">Piscine de Dison<\/td>\n<\/tr>\n<\/tbody>\n<\/table>\n<p><span style=\"font-family: Century Gothic; font-size: medium;\"><b><span style=\"text-decoration: underline;\">SEPTEMBRE &#8211; DECEMBRE<\/span><\/b><\/span><\/p>\n<table width=\"543\">\n<tbody>\n<tr>\n<td rowspan=\"2\" width=\"123\"><strong>Natation Avec entra\u00eeneur<\/strong><\/td>\n<td width=\"96\">Mercredi<\/td>\n<td width=\"161\">De 21h30 \u00e0 22h30<\/td>\n<td rowspan=\"2\" width=\"163\">Piscine de Dison<\/td>\n<\/tr>\n<tr>\n<td width=\"96\">Dimanche<\/td>\n<td width=\"161\">De 08h \u00e0 09h<\/td>\n<\/tr>\n<tr>\n<td width=\"123\"><\/td>\n<td width=\"96\"><\/td>\n<td width=\"161\"><\/td>\n<td width=\"163\"><\/td>\n<\/tr>\n<tr>\n<td rowspan=\"2\" width=\"123\"><strong>V\u00e9lo<\/strong><\/td>\n<td width=\"96\">Samedi*<\/td>\n<td width=\"161\"><\/td>\n<td width=\"163\"><\/td>\n<\/tr>\n<tr>\n<td width=\"96\">Dimanche<\/td>\n<td width=\"161\">\u00c0 09h30, apr\u00e8s la piscine<\/td>\n<td width=\"163\">Parking piscine de Dison<\/td>\n<\/tr>\n<tr>\n<td width=\"123\"><strong>Course \u00e0 Pied Avec entra\u00eeneur<\/strong><\/td>\n<td width=\"96\">Mercredi<\/td>\n<td width=\"161\">\u00c0 20h<\/td>\n<td width=\"163\">Parking piscine de Dison<\/td>\n<\/tr>\n<\/tbody>\n<\/table>\n<p align=\"justify\"><strong><span style=\"font-family: Century Gothic; font-size: small;\">(*) : Le rendez-vous v\u00e9lo du samedi est toujours confirm\u00e9 dans la <a href=\"http:\/\/www.tdch.be\/forum\/viewforum.php?f=21\" target=\"_blank\" rel=\"noopener noreferrer\"><span style=\"text-decoration: underline;\"><span style=\"color: #ff0000;\">Zone Membres du site<\/span><\/span><\/a>, rubrique <a href=\"http:\/\/www.tdch.be\/forum\/viewforum.php?f=6\" target=\"_blank\" rel=\"noopener noreferrer\"><span style=\"text-decoration: underline;\"><span style=\"color: #ff0000;\">Entra\u00eenements<\/span><\/span><\/a>.<\/span><\/strong><\/p>\n<p align=\"justify\"><strong><span style=\"font-family: Century Gothic; font-size: small;\">(**) : La mise \u00e0 disposition de la piscine de W\u00e9gimont en mai est confirm\u00e9e dans la <a href=\"http:\/\/www.tdch.be\/forum\/viewforum.php?f=21\" target=\"_blank\" rel=\"noopener noreferrer\"><span style=\"text-decoration: underline;\"><span style=\"color: #ff0000;\">Zone Membres du site<\/span><\/span><\/a>, rubrique <a href=\"http:\/\/www.tdch.be\/forum\/viewforum.php?f=6\" target=\"_blank\" rel=\"noopener noreferrer\"><span style=\"text-decoration: underline;\"><span style=\"color: #ff0000;\">Entra\u00eenements<\/span><\/span><\/a>.<\/span><\/strong><\/p>\n","protected":false},"excerpt":{"rendered":"<p>++++++++++++ Il est pr\u00e9f\u00e9rable de consulter la zone membres afin de conna\u00eetre toute modification pour une s\u00e9ance d&rsquo;entra\u00eenement. ++++++++++++ Ann\u00e9e 2026 JANVIER &#8211; FEVRIER &#8211; MARS &#8211; AVRIL Natation Avec entra\u00eeneur Piscine de Dison Mercredi De 21h30 \u00e0 22h30 Dimanche De 08h \u00e0 09h V\u00e9lo Samedi* Dimanche \u00c0 09h30, apr\u00e8s la piscine Parking piscine de [&hellip;]<\/p>\n","protected":false},"author":1,"featured_media":0,"parent":0,"menu_order":0,"comment_status":"closed","ping_status":"closed","template":"","meta":{"footnotes":""},"class_list":["post-929","page","type-page","status-publish","hentry"],"_links":{"self":[{"href":"http:\/\/tdch.be\/WP3\/wp-json\/wp\/v2\/pages\/929","targetHints":{"allow":["GET"]}}],"collection":[{"href":"http:\/\/tdch.be\/WP3\/wp-json\/wp\/v2\/pages"}],"about":[{"href":"http:\/\/tdch.be\/WP3\/wp-json\/wp\/v2\/types\/page"}],"author":[{"embeddable":true,"href":"http:\/\/tdch.be\/WP3\/wp-json\/wp\/v2\/users\/1"}],"replies":[{"embeddable":true,"href":"http:\/\/tdch.be\/WP3\/wp-json\/wp\/v2\/comments?post=929"}],"version-history":[{"count":3,"href":"http:\/\/tdch.be\/WP3\/wp-json\/wp\/v2\/pages\/929\/revisions"}],"predecessor-version":[{"id":942,"href":"http:\/\/tdch.be\/WP3\/wp-json\/wp\/v2\/pages\/929\/revisions\/942"}],"wp:attachment":[{"href":"http:\/\/tdch.be\/WP3\/wp-json\/wp\/v2\/media?parent=929"}],"curies":[{"name":"wp","href":"https:\/\/api.w.org\/{rel}","templated":true}]}}