{"id":39,"date":"2015-03-04T21:43:08","date_gmt":"2015-03-04T21:43:08","guid":{"rendered":"http:\/\/tdch.be\/WP3\/?page_id=39"},"modified":"2020-07-14T11:14:43","modified_gmt":"2020-07-14T11:14:43","slug":"parcours-triathlon-wegimont-soumagne","status":"publish","type":"page","link":"http:\/\/tdch.be\/WP3\/parcours-triathlon-wegimont-soumagne\/","title":{"rendered":"Parcours du triathlon de W\u00e9gimont &#8211; Soumagne"},"content":{"rendered":"<h1>Parc \u00e0 v\u00e9lo<\/h1>\n<h1><span style=\"color: #000000;\"><a href=\"http:\/\/tdch.be\/WP3\/wp-content\/uploads\/2015\/03\/Layout2016.jpg\"><img loading=\"lazy\" decoding=\"async\" class=\"alignnone size-full wp-image-512\" src=\"http:\/\/tdch.be\/WP3\/wp-content\/uploads\/2015\/03\/Layout2016.jpg\" alt=\"Layout2016\" width=\"718\" height=\"731\" srcset=\"http:\/\/tdch.be\/WP3\/wp-content\/uploads\/2015\/03\/Layout2016.jpg 718w, http:\/\/tdch.be\/WP3\/wp-content\/uploads\/2015\/03\/Layout2016-294x300.jpg 294w\" sizes=\"auto, (max-width: 718px) 100vw, 718px\" \/><\/a><\/span><\/h1>\n<h1><span style=\"color: #000000;\">Natation \/ Swim<\/span><\/h1>\n<p>500 m\u00e8tres dans la piscine ext\u00e9rieure de 25m du Domaine Provincial de W\u00e9gimont (t\u00b0 24\u00b0C)<\/p>\n<h1><span style=\"color: #000000;\">V\u00e9lo \/ Bike<\/span><\/h1>\n<p>!!! le parcours v\u00e9lo sera communiqu\u00e9 prochainement.<\/p>\n<h1><span style=\"color: #000000;\">Course \u00e0 pied \/ Run<\/span><\/h1>\n<p>2 boucles de 2,5 kilom\u00e8tres dans le Domaine Provincial de W\u00e9gimont (50% sur routes et 50% dans les bois).\u00a0Deux ravitaillements sur le parcours de CAP.<\/p>\n<p>Acc\u00e9dez au parcours en cliquant <a href=\"https:\/\/connect.garmin.com\/course\/embed\/9606577\" target=\"_blank\" rel=\"noopener noreferrer\">ici<\/a><\/p>\n<p><em><span style=\"text-decoration: underline;\"><span style=\"color: #0066cc;\">\u00a0<\/span><\/span><\/em><\/p>\n<p><a href=\"http:\/\/xrun.be\" target=\"_blank\" rel=\"noopener noreferrer\"><em><img loading=\"lazy\" decoding=\"async\" class=\"alignnone  wp-image-465\" src=\"http:\/\/tdch.be\/WP3\/wp-content\/uploads\/2015\/03\/logo-xrun.png\" alt=\"logo xrun\" width=\"452\" height=\"235\" \/><\/em><\/a> <a href=\"http:\/\/www.pointchaud.be\/0149\/fr\/225\/BARCHON\" target=\"_blank\" rel=\"noopener noreferrer\"><em><img loading=\"lazy\" decoding=\"async\" class=\"alignnone  wp-image-462\" src=\"http:\/\/tdch.be\/WP3\/wp-content\/uploads\/2015\/03\/logo-point-chaud-copie.jpg\" alt=\"logo point chaud copie\" width=\"215\" height=\"133\" \/><\/em><\/a><a href=\"http:\/\/tdch.be\/WP3\/wp-content\/uploads\/2015\/03\/logo-alexmaxi.jpg\" target=\"_blank\" rel=\"noopener noreferrer\"><em><img loading=\"lazy\" decoding=\"async\" class=\"alignnone  wp-image-234\" src=\"http:\/\/tdch.be\/WP3\/wp-content\/uploads\/2015\/03\/logo-alexmini.jpg\" alt=\"logo alexmini\" width=\"216\" height=\"151\" \/><\/em><\/a><a href=\"http:\/\/www.bellycolor.com\/\" target=\"_blank\" rel=\"noopener noreferrer\"><em><img loading=\"lazy\" decoding=\"async\" class=\"size-thumbnail wp-image-214 alignnone\" src=\"http:\/\/tdch.be\/WP3\/wp-content\/uploads\/2015\/03\/logo-bellycolor.jpg\" alt=\"logo bellycolor\" width=\"150\" height=\"150\" \/><\/em><\/a><a href=\"http:\/\/www.galler.com\" target=\"_blank\" rel=\"noopener noreferrer\"><em><img loading=\"lazy\" decoding=\"async\" class=\"alignnone size-full wp-image-461\" src=\"http:\/\/tdch.be\/WP3\/wp-content\/uploads\/2015\/03\/logo-galler.jpg\" alt=\"logo galler\" width=\"150\" height=\"150\" \/><\/em><\/a><a href=\"http:\/\/www.willemssound.be\" target=\"_blank\" rel=\"noopener noreferrer\"><em>\u00a0<\/em><\/a>\u00a0\u00a0 <a href=\"http:\/\/www.e-xstream.com\/\" target=\"_blank\" rel=\"noopener noreferrer\"><img loading=\"lazy\" decoding=\"async\" class=\"alignnone size-full wp-image-687\" src=\"http:\/\/tdch.be\/WP3\/wp-content\/uploads\/2015\/03\/eXstream.jpg\" alt=\"eXstream\" width=\"150\" height=\"59\" \/><\/a>\u00a0<a href=\"http:\/\/www.soumagne.be\/\" target=\"_blank\" rel=\"noopener noreferrer\"><em><img loading=\"lazy\" decoding=\"async\" class=\"alignnone size-full wp-image-228\" src=\"http:\/\/tdch.be\/WP3\/wp-content\/uploads\/2015\/03\/logo-communesoumagne.jpg\" alt=\"logo communesoumagne\" width=\"150\" height=\"95\" \/><\/em><\/a><a href=\"http:\/\/www.provincedeliege.be\/\" target=\"_blank\" rel=\"noopener noreferrer\"><em><img loading=\"lazy\" decoding=\"async\" class=\"size-thumbnail wp-image-220 alignnone\" src=\"http:\/\/tdch.be\/WP3\/wp-content\/uploads\/2015\/03\/logo-province-li\u00e8ge.jpg\" alt=\"logo province li\u00e8ge\" width=\"150\" height=\"98\" \/><\/em><\/a><em><img loading=\"lazy\" decoding=\"async\" class=\"alignnone size-thumbnail wp-image-217\" src=\"http:\/\/tdch.be\/WP3\/wp-content\/uploads\/2015\/03\/logo-communaut\u00e9-fran\u00e7aise.gif\" alt=\"logo adeps\" width=\"1\" height=\"1\" \/> <\/em><em><img loading=\"lazy\" decoding=\"async\" class=\"alignnone size-thumbnail wp-image-217\" src=\"http:\/\/tdch.be\/WP3\/wp-content\/uploads\/2015\/03\/logo-communaut\u00e9-fran\u00e7aise.gif\" alt=\"logo communaut\u00e9 fran\u00e7aise\" width=\"1\" height=\"1\" \/><a href=\"http:\/\/www.herve.be\/fr\/\" target=\"_blank\" rel=\"noopener noreferrer\"><img loading=\"lazy\" decoding=\"async\" class=\"alignnone size-full wp-image-595\" src=\"http:\/\/tdch.be\/WP3\/wp-content\/uploads\/2015\/03\/Herve.jpg\" alt=\"Herve_PartenaireCCF\" width=\"150\" height=\"109\" \/><\/a>\u00a0 <\/em><\/p>\n","protected":false},"excerpt":{"rendered":"<p>Parc \u00e0 v\u00e9lo Natation \/ Swim 500 m\u00e8tres dans la piscine ext\u00e9rieure de 25m du Domaine Provincial de W\u00e9gimont (t\u00b0 24\u00b0C) V\u00e9lo \/ Bike !!! le parcours v\u00e9lo sera communiqu\u00e9 prochainement. Course \u00e0 pied \/ Run 2 boucles de 2,5 kilom\u00e8tres dans le Domaine Provincial de W\u00e9gimont (50% sur routes et 50% dans les bois).\u00a0Deux [&hellip;]<\/p>\n","protected":false},"author":1,"featured_media":0,"parent":0,"menu_order":0,"comment_status":"closed","ping_status":"open","template":"","meta":{"footnotes":""},"class_list":["post-39","page","type-page","status-publish","hentry"],"_links":{"self":[{"href":"http:\/\/tdch.be\/WP3\/wp-json\/wp\/v2\/pages\/39","targetHints":{"allow":["GET"]}}],"collection":[{"href":"http:\/\/tdch.be\/WP3\/wp-json\/wp\/v2\/pages"}],"about":[{"href":"http:\/\/tdch.be\/WP3\/wp-json\/wp\/v2\/types\/page"}],"author":[{"embeddable":true,"href":"http:\/\/tdch.be\/WP3\/wp-json\/wp\/v2\/users\/1"}],"replies":[{"embeddable":true,"href":"http:\/\/tdch.be\/WP3\/wp-json\/wp\/v2\/comments?post=39"}],"version-history":[{"count":54,"href":"http:\/\/tdch.be\/WP3\/wp-json\/wp\/v2\/pages\/39\/revisions"}],"predecessor-version":[{"id":871,"href":"http:\/\/tdch.be\/WP3\/wp-json\/wp\/v2\/pages\/39\/revisions\/871"}],"wp:attachment":[{"href":"http:\/\/tdch.be\/WP3\/wp-json\/wp\/v2\/media?parent=39"}],"curies":[{"name":"wp","href":"https:\/\/api.w.org\/{rel}","templated":true}]}}