{"id":26,"date":"2015-03-04T21:33:29","date_gmt":"2015-03-04T21:33:29","guid":{"rendered":"http:\/\/tdch.be\/WP3\/?page_id=26"},"modified":"2025-12-15T20:58:33","modified_gmt":"2025-12-15T20:58:33","slug":"contacts","status":"publish","type":"page","link":"http:\/\/tdch.be\/WP3\/contacts\/","title":{"rendered":"Contacts"},"content":{"rendered":"<p><span style=\"font-family: Century Gothic; font-size: large;\"><b><span style=\"font-size: x-large;\"><span style=\"text-decoration: underline;\"><span style=\"font-size: xx-large;\">Le comit\u00e9 du TDCH<\/span><\/span><\/span><\/b><\/span><\/p>\n<p><span style=\"font-family: Century Gothic; font-size: small;\">Daniel DENOOZ (Pr\u00e9sident) :<br \/>\n<a href=\"mailto:daniel@tdch.be\"><span style=\"text-decoration: underline;\"><span style=\"color: #ff0000;\">daniel@tdch.be<\/span><\/span><\/a><\/span><\/p>\n<hr noshade=\"noshade\" size=\"1\" \/>\n<p><span style=\"font-size: small;\"><span style=\"font-family: Century Gothic;\">Fabien GREFFE (Secr\u00e9taire) :<br \/>\n<a href=\"mailto:fabien@tdch.be\"><span style=\"text-decoration: underline;\"><span style=\"color: #ff0000;\"><span style=\"font-family: Century Gothic; font-size: small;\">fabien@tdch.be<\/span><\/span><\/span><\/a><\/span><br \/>\n<\/span><\/p>\n<hr noshade=\"noshade\" size=\"1\" \/>\n<p><span style=\"font-family: Century Gothic; font-size: small;\"> Rachel DEMONCEAU (Tr\u00e9sori\u00e8re) :<br \/>\n<a href=\"mailto:rachel@tdch.be\"><span style=\"text-decoration: underline;\"><span style=\"color: #ff0000;\">rachel@tdch.be<\/span><\/span><\/a><\/span><\/p>\n<hr noshade=\"noshade\" size=\"1\" \/>\n<p><span style=\"font-family: Century Gothic; font-size: small;\">Johan NERRINCK (Webmaster) :<br \/>\n<a href=\"mailto:johan@tdch.be\"><span style=\"text-decoration: underline;\"><span style=\"color: #ff0000;\">johan@tdch.be<\/span><\/span><\/a><\/span><\/p>\n<hr noshade=\"noshade\" size=\"1\" \/>\n<p><span style=\"font-family: Century Gothic; font-size: small;\">Karim SOLTANI (Contact presse &amp; \u00c9quipements) :<br \/>\n<a href=\"mailto:karim@tdch.be\"><span style=\"text-decoration: underline;\"><span style=\"color: #ff0000;\">karim@tdch.be<\/span><\/span><\/a><\/span><\/p>\n<hr \/>\n<p><span style=\"font-family: Century Gothic; font-size: small;\">J\u00e9r\u00f4me Dechesne<br \/>\n<\/span><\/p>\n<hr \/>\n<p><span style=\"font-family: Century Gothic; font-size: small;\">Monique HOUTEN :<br \/>\n<a href=\"mailto:monique@tdch.be\"><span style=\"text-decoration: underline;\"><span style=\"color: #ff0000;\">monique@tdch.be<\/span><\/span><\/a><\/span><\/p>\n<hr noshade=\"noshade\" size=\"1\" \/>\n<hr noshade=\"noshade\" size=\"1\" \/>\n<p align=\"left\"><span style=\"font-family: Century Gothic; font-size: medium;\">Triathlon &#8211; Duathlon Club de Herve (T.D.C.H.) a.s.b.l.<br \/>\n<a href=\"mailto:info@tdch.be\"><span style=\"text-decoration: underline;\"><span style=\"color: #ff0000;\">info@tdch.be<\/span><\/span><\/a><br \/>\n36, Rue du Ch\u00e2teau<br \/>\n4650 Herve<br \/>\nBELGIQUE<\/span><\/p>\n","protected":false},"excerpt":{"rendered":"<p>Le comit\u00e9 du TDCH Daniel DENOOZ (Pr\u00e9sident) : daniel@tdch.be Fabien GREFFE (Secr\u00e9taire) : fabien@tdch.be Rachel DEMONCEAU (Tr\u00e9sori\u00e8re) : rachel@tdch.be Johan NERRINCK (Webmaster) : johan@tdch.be Karim SOLTANI (Contact presse &amp; \u00c9quipements) : karim@tdch.be J\u00e9r\u00f4me Dechesne Monique HOUTEN : monique@tdch.be Triathlon &#8211; Duathlon Club de Herve (T.D.C.H.) a.s.b.l. info@tdch.be 36, Rue du Ch\u00e2teau 4650 Herve BELGIQUE<\/p>\n","protected":false},"author":1,"featured_media":0,"parent":0,"menu_order":0,"comment_status":"closed","ping_status":"open","template":"","meta":{"footnotes":""},"class_list":["post-26","page","type-page","status-publish","hentry"],"_links":{"self":[{"href":"http:\/\/tdch.be\/WP3\/wp-json\/wp\/v2\/pages\/26","targetHints":{"allow":["GET"]}}],"collection":[{"href":"http:\/\/tdch.be\/WP3\/wp-json\/wp\/v2\/pages"}],"about":[{"href":"http:\/\/tdch.be\/WP3\/wp-json\/wp\/v2\/types\/page"}],"author":[{"embeddable":true,"href":"http:\/\/tdch.be\/WP3\/wp-json\/wp\/v2\/users\/1"}],"replies":[{"embeddable":true,"href":"http:\/\/tdch.be\/WP3\/wp-json\/wp\/v2\/comments?post=26"}],"version-history":[{"count":10,"href":"http:\/\/tdch.be\/WP3\/wp-json\/wp\/v2\/pages\/26\/revisions"}],"predecessor-version":[{"id":939,"href":"http:\/\/tdch.be\/WP3\/wp-json\/wp\/v2\/pages\/26\/revisions\/939"}],"wp:attachment":[{"href":"http:\/\/tdch.be\/WP3\/wp-json\/wp\/v2\/media?parent=26"}],"curies":[{"name":"wp","href":"https:\/\/api.w.org\/{rel}","templated":true}]}}