{"id":24,"date":"2015-03-04T21:32:46","date_gmt":"2015-03-04T21:32:46","guid":{"rendered":"http:\/\/tdch.be\/WP3\/?page_id=24"},"modified":"2015-03-04T21:32:46","modified_gmt":"2015-03-04T21:32:46","slug":"histoire","status":"publish","type":"page","link":"http:\/\/tdch.be\/WP3\/histoire\/","title":{"rendered":"Histoire"},"content":{"rendered":"<p align=\"justify\"><span style=\"font-family: Century Gothic; font-size: small;\"><span style=\"text-decoration: underline;\"><b><span style=\"font-size: large;\">HISTORIQUE<\/span><\/p>\n<p><\/b><\/span><b><span style=\"font-size: medium;\">Il \u00e9tait une fois&#8230;<\/span><br \/>\n<\/b> Le Triathlon Club de W\u00e9gimont (TCW), affili\u00e9 \u00e0 la Ligue Belge de Duathlon et de Triathlon (<a href=\"http:\/\/www.triathlon.be\/lbftd\/\" target=\"_blank\"><span style=\"text-decoration: underline;\"><span style=\"color: #ff0000;\">LBFTD<\/span><\/span><\/a>) a vu le jour \u00e0 l&rsquo;aube de la saison 1994 sous l&rsquo;impulsion de Jean-Fran\u00e7ois Lipsin et Serge Caelen. Le but initial \u00e9tait d&rsquo;offrir une alternative conviviale et n\u00e9anmoins performante au club local dominant de l&rsquo;\u00e9poque, le Triathlon Club de Li\u00e8ge. Bien vite, ce mini comit\u00e9 fut \u00e9toff\u00e9 par Fabrice Orban et Serge Uerlings.<br \/>\nLe nombre de membres n&rsquo;a cess\u00e9 d&rsquo;augmenter pour passer progressivement de 11 en 1994 \u00e0 une bonne quarantaine depuis 1998. La progression du T.C.W. n&rsquo;est cependant pas uniquement quantitative. L&rsquo;organisation du club, toujours plus efficace, ainsi que les performances des triathl\u00e8tes ont contribu\u00e9 au renom du club. C&rsquo;est ainsi que, d\u00e8s 1996, un magazine \u00e0 vu le jour &#8211; Hard Line Attitude &#8211; particuli\u00e8rement bien adapt\u00e9 \u00e0 \u00ab\u00a0l&rsquo;esprit triathlon\u00a0\u00bb. Paraissant tous les deux mois, ce magazine traite des sujets les plus vari\u00e9s comme le programme des comp\u00e9titions, l&rsquo;horaire des entra\u00eenements du club, les directives administratives, les r\u00e9sultats, des conseils d&rsquo;entra\u00eenement, des conseils nutritionnels, etc. Une ann\u00e9e plus tard, c&rsquo;est un site internet qui fut cr\u00e9\u00e9. Il fut m\u00eame l&rsquo;un des premiers site francophone traitant de triathlon.<br \/>\nC\u00f4t\u00e9 r\u00e9sultats d&rsquo;ensemble, la progression de T.C.W. au classement g\u00e9n\u00e9ral de la Supercoupe Francophone fut r\u00e9guli\u00e8re: 13\u00e8me en 1996, 6\u00e8me en 1997, 1er en 1998, 1999&#8230; et 2000!!!<br \/>\nNotons enfin que le Domaine Provincial de W\u00e9gimont se situe sur le territoire de la commune de Soumagne (Province de Li\u00e8ge). Cette infrastructure de loisir, situ\u00e9e dans un parc magnifique est nantie d&rsquo;une piscine ext\u00e9rieure de 50 m\u00e8tres utilis\u00e9e pour les entra\u00eenements du T.C.W. de d\u00e9but mai \u00e0 fin ao\u00fbt.<br \/>\n<b><span style=\"font-size: medium;\">2001, les grands changements&#8230;<\/span><br \/>\n<\/b>Avec le nouveau Mill\u00e9naire, le T.C.W. s&rsquo;est offert un s\u00e9rieux \u00ab\u00a0lifting\u00a0\u00bb : le comit\u00e9 fut enti\u00e8rement renouvel\u00e9 et le club a acquis le statut d&rsquo;A.S.B.L., c&rsquo;est ainsi que le T.D.C.H. est n\u00e9 ! Toutefois, si les t\u00eates ont chang\u00e9, l&rsquo;esprit demeure; il est et restera un club o\u00f9 convivialit\u00e9 et franche camaraderie sont les ma\u00eetre mots!<br \/>\nLes objectifs principaux de la nouvelle \u00e9quipe sont clairs : apporter plus de dynamisme au sein du club et maintenir une structure permettant l&rsquo;\u00e9panouissement de chaque membre quelque soit son niveau de pratique. C&rsquo;est dans cette optique que le passage en A.S.B.L. s&rsquo;est tout naturellement impos\u00e9. En effet, outre ses nombreux avantages et la s\u00e9curit\u00e9 qu&rsquo;elle procure \u00e0 ses membres, cette forme juridique devrait faciliter nos d\u00e9marches envers de nouveaux sponsors&#8230;<\/span><\/p>\n","protected":false},"excerpt":{"rendered":"<p>HISTORIQUE Il \u00e9tait une fois&#8230; Le Triathlon Club de W\u00e9gimont (TCW), affili\u00e9 \u00e0 la Ligue Belge de Duathlon et de Triathlon (LBFTD) a vu le jour \u00e0 l&rsquo;aube de la saison 1994 sous l&rsquo;impulsion de Jean-Fran\u00e7ois Lipsin et Serge Caelen. Le but initial \u00e9tait d&rsquo;offrir une alternative conviviale et n\u00e9anmoins performante au club local dominant [&hellip;]<\/p>\n","protected":false},"author":1,"featured_media":0,"parent":0,"menu_order":0,"comment_status":"closed","ping_status":"open","template":"","meta":{"footnotes":""},"class_list":["post-24","page","type-page","status-publish","hentry"],"_links":{"self":[{"href":"http:\/\/tdch.be\/WP3\/wp-json\/wp\/v2\/pages\/24","targetHints":{"allow":["GET"]}}],"collection":[{"href":"http:\/\/tdch.be\/WP3\/wp-json\/wp\/v2\/pages"}],"about":[{"href":"http:\/\/tdch.be\/WP3\/wp-json\/wp\/v2\/types\/page"}],"author":[{"embeddable":true,"href":"http:\/\/tdch.be\/WP3\/wp-json\/wp\/v2\/users\/1"}],"replies":[{"embeddable":true,"href":"http:\/\/tdch.be\/WP3\/wp-json\/wp\/v2\/comments?post=24"}],"version-history":[{"count":1,"href":"http:\/\/tdch.be\/WP3\/wp-json\/wp\/v2\/pages\/24\/revisions"}],"predecessor-version":[{"id":25,"href":"http:\/\/tdch.be\/WP3\/wp-json\/wp\/v2\/pages\/24\/revisions\/25"}],"wp:attachment":[{"href":"http:\/\/tdch.be\/WP3\/wp-json\/wp\/v2\/media?parent=24"}],"curies":[{"name":"wp","href":"https:\/\/api.w.org\/{rel}","templated":true}]}}