{"id":20,"date":"2015-03-04T21:29:43","date_gmt":"2015-03-04T21:29:43","guid":{"rendered":"http:\/\/tdch.be\/WP3\/?page_id=20"},"modified":"2025-12-15T21:01:30","modified_gmt":"2025-12-15T21:01:30","slug":"devenir-membre","status":"publish","type":"page","link":"http:\/\/tdch.be\/WP3\/devenir-membre\/","title":{"rendered":"Devenir membre"},"content":{"rendered":"<p><strong><span style=\"text-decoration: underline;\"><span style=\"font-family: Century Gothic; font-size: x-large;\">Faites &#8211; vous membres du TDCH !<\/span><\/span><\/strong><\/p>\n<p align=\"center\"><span style=\"font-family: Century Gothic; font-size: small;\"><em>Cotisations valables du 01 janvier au 31 d\u00e9cembre <strong>2026<\/strong>.<\/em><\/span><\/p>\n<p style=\"text-align: left;\"><span style=\"line-height: normal; font-family: Calibri; font-size: 18px;\"><span style=\"font-weight: bold;\"><strong>1. Membre Avec piscine : 100\u20ac + co\u00fbt de la licence LF3 de 75\u20ac (ligue)<\/strong><\/span><\/span><\/p>\n<p>Accessible \u00e0 tout membre. Cette affiliation comprend:<br \/>\n<span style=\"font-weight: bold;\"><br \/>\n<\/span>&#8211; Acc\u00e8s \u00e0 la piscine de Herve pour tous les cr\u00e9neaux et entrainements club (si le cr\u00e9neau du mercredi est disponible, un choix est \u00e0 faire entre l&rsquo;entrainement du mardi et du mercredi de Janvier \u00e0 Juin inclus)<br \/>\n&#8211; Acc\u00e8s \u00e0 la piscine de W\u00e9gimont de Mai \u00e0 Ao\u00fbt inclus<br \/>\n&#8211; Gestion administrative de l&rsquo;obtention d&rsquo;une licence aupr\u00e8s de la ligue francophone de triathlon-duathlon (LF3) moyennant le payement de cette licence directement au club (prendre contact avec le secr\u00e9taire pour plus d&rsquo;informations)<br \/>\n&#8211; Acc\u00e8s aux entrainements course \u00e0 pied et v\u00e9lo.<br \/>\n&#8211; Utilisation de la &lsquo;Zone Membres&rsquo; du site.<\/p>\n<p><span style=\"font-weight: bold;\">2. Membre Sans piscine : 55\u20ac <span style=\"line-height: normal; font-family: Calibri; font-size: 18px;\"><strong>+ co\u00fbt de la licence LF3 de 75\u20ac (ligue)<\/strong><\/span><\/span><\/p>\n<p>&#8211; Sans acc\u00e8s aux cr\u00e9neaux piscine<br \/>\n&#8211; Gestion administrative de l&rsquo;obtention d&rsquo;une licence aupr\u00e8s de la ligue francophone de triathlon-duathlon (LF3) moyennant le payement de cette licence directement au club (prendre contact avec le secr\u00e9taire pour plus d&rsquo;informations)<br \/>\n&#8211; Acc\u00e8s aux entrainements course \u00e0 pied et v\u00e9lo.<br \/>\n&#8211; Utilisation de la &lsquo;Zone Membres&rsquo; du site.<\/p>\n<p><span style=\"font-weight: bold;\">4. Membre Sympathisant : 5\u20ac<\/span><\/p>\n<p>&#8211; Utilisation de la &lsquo;Zone Membres&rsquo; du site.<\/p>\n<h1><small><small>+++ Apr\u00e8s le 1er septembre, l&rsquo;inscription au club est de 105\u20acuros (30\u20ac cotisation + 75\u20ac licence) piscine du mardi, samedi et dimanche compris +++<\/small><\/small><\/h1>\n<p style=\"font-family: Calibri;\" align=\"center\"><span style=\"font-size: large;\"><b>== <\/b><span style=\"color: #000000;\"><b><span style=\"color: #ff0000;\">Renseignements :<\/span>\u00a0<\/b><span style=\"text-decoration: underline;\"><b><a href=\"mailto:info@tdch.be\"><span style=\"color: #000000; text-decoration: underline;\"><span style=\"color: #ff0000; text-decoration: underline;\"><span style=\"font-family: Century Gothic;\">info@tdch.be<\/span><\/span><\/span><\/a><\/b><\/span><\/span><strong><span style=\"color: #000000;\">\u00a0<\/span>== <\/strong><\/span><\/p>\n<p style=\"margin-bottom: 0cm;\" align=\"center\"><span style=\"font-family: Century Gothic; font-size: small;\">+++ Tout membre ayant pay\u00e9 une cotisation accepte les termes du R\u00e8glement d&rsquo;Ordre Int\u00e9rieur du club. +++<br \/>\n+++ Celui-ci est disponible sur simple demande \u00e0 un <a title=\"Contacts\" href=\"http:\/\/tdch.be\/WP3\/contacts\/\" target=\"_blank\" rel=\"noopener noreferrer\"><span style=\"text-decoration: underline;\"><span style=\"color: #ff0000;\"><span style=\"font-family: Century Gothic; font-size: small;\">membre du comit\u00e9<\/span><\/span><\/span><\/a>. <\/span><\/p>\n","protected":false},"excerpt":{"rendered":"<p>Faites &#8211; vous membres du TDCH ! Cotisations valables du 01 janvier au 31 d\u00e9cembre 2026. 1. Membre Avec piscine : 100\u20ac + co\u00fbt de la licence LF3 de 75\u20ac (ligue) Accessible \u00e0 tout membre. Cette affiliation comprend: &#8211; Acc\u00e8s \u00e0 la piscine de Herve pour tous les cr\u00e9neaux et entrainements club (si le cr\u00e9neau [&hellip;]<\/p>\n","protected":false},"author":1,"featured_media":0,"parent":0,"menu_order":0,"comment_status":"closed","ping_status":"open","template":"","meta":{"footnotes":""},"class_list":["post-20","page","type-page","status-publish","hentry"],"_links":{"self":[{"href":"http:\/\/tdch.be\/WP3\/wp-json\/wp\/v2\/pages\/20","targetHints":{"allow":["GET"]}}],"collection":[{"href":"http:\/\/tdch.be\/WP3\/wp-json\/wp\/v2\/pages"}],"about":[{"href":"http:\/\/tdch.be\/WP3\/wp-json\/wp\/v2\/types\/page"}],"author":[{"embeddable":true,"href":"http:\/\/tdch.be\/WP3\/wp-json\/wp\/v2\/users\/1"}],"replies":[{"embeddable":true,"href":"http:\/\/tdch.be\/WP3\/wp-json\/wp\/v2\/comments?post=20"}],"version-history":[{"count":26,"href":"http:\/\/tdch.be\/WP3\/wp-json\/wp\/v2\/pages\/20\/revisions"}],"predecessor-version":[{"id":941,"href":"http:\/\/tdch.be\/WP3\/wp-json\/wp\/v2\/pages\/20\/revisions\/941"}],"wp:attachment":[{"href":"http:\/\/tdch.be\/WP3\/wp-json\/wp\/v2\/media?parent=20"}],"curies":[{"name":"wp","href":"https:\/\/api.w.org\/{rel}","templated":true}]}}