{"id":177,"date":"2015-05-14T19:16:54","date_gmt":"2015-05-14T19:16:54","guid":{"rendered":"http:\/\/tdch.be\/WP3\/?page_id=177"},"modified":"2019-04-29T19:44:16","modified_gmt":"2019-04-29T19:44:16","slug":"programme-triathlon-wegimont-soumagne","status":"publish","type":"page","link":"http:\/\/tdch.be\/WP3\/programme-triathlon-wegimont-soumagne\/","title":{"rendered":"Programme du triathlon de W\u00e9gimont &#8211; Soumagne"},"content":{"rendered":"<p><span style=\"color: rgb(0, 0, 255);\">11h00<\/span><\/p>\n<ul>\n<ul>\n<li>ouverture du secr\u00e9tariat, retrait des dossards<\/li>\n<\/ul>\n<\/ul>\n<p><span style=\"color: rgb(0, 0, 255);\">11h30<\/span><\/p>\n<ul>\n<ul>\n<li>ouverture du parc \u00e0 v\u00e9los<\/li>\n<li>ouverture du bar, barbecue et g\u00e2teaux<\/li>\n<li>ch\u00e2teau gonflable pour les enfants<\/li>\n<\/ul>\n<\/ul>\n<p><span style=\"color: rgb(0, 0, 255);\">12h30<\/span><\/p>\n<ul>\n<ul>\n<li>premiers d\u00e9parts natation<\/li>\n<li>les \u00e9quipes et les femmes partiront dans les premi\u00e8res vagues<\/li>\n<li>les d\u00e9parts individuels se feront en fonction du temps natation (les meilleurs nageurs partent en dernier)<\/li>\n<\/ul>\n<\/ul>\n<p><span style=\"color: rgb(0, 0, 255);\">30 minutes apr\u00e8s l&rsquo;arriv\u00e9e du dernier athl\u00e8te<\/span><\/p>\n<ul>\n<ul>\n<li>fermeture du parc \u00e0 v\u00e9lo<\/li>\n<li>r\u00e9sultats et remise des prix (nombreux lots offerts par nos sponsors)<\/li>\n<li>tombola pour tous les athl\u00e8tes<\/li>\n<\/ul>\n<\/ul>\n<p><em><span style=\"text-decoration: underline;\"><span style=\"color: rgb(0, 102, 204);\">&nbsp;<\/span><\/span><\/em><\/p>\n<p><a href=\"http:\/\/xrun.be\" target=\"_blank\" rel=\"noopener noreferrer\"><em><img loading=\"lazy\" decoding=\"async\" width=\"452\" height=\"235\" class=\"alignnone  wp-image-465\" alt=\"logo xrun\" src=\"http:\/\/tdch.be\/WP3\/wp-content\/uploads\/2015\/03\/logo-xrun.png\"><\/em><\/a> <a href=\"http:\/\/www.pointchaud.be\/0149\/fr\/225\/BARCHON\" target=\"_blank\" rel=\"noopener noreferrer\"><em><img loading=\"lazy\" decoding=\"async\" width=\"215\" height=\"133\" class=\"alignnone  wp-image-462\" alt=\"logo point chaud copie\" src=\"http:\/\/tdch.be\/WP3\/wp-content\/uploads\/2015\/03\/logo-point-chaud-copie.jpg\"><\/em><\/a><a href=\"http:\/\/tdch.be\/WP3\/wp-content\/uploads\/2015\/03\/logo-alexmaxi.jpg\" target=\"_blank\" rel=\"noopener noreferrer\"><em><img loading=\"lazy\" decoding=\"async\" width=\"216\" height=\"151\" class=\"alignnone  wp-image-234\" alt=\"logo alexmini\" src=\"http:\/\/tdch.be\/WP3\/wp-content\/uploads\/2015\/03\/logo-alexmini.jpg\"><\/em><\/a><a href=\"http:\/\/www.bellycolor.com\/\" target=\"_blank\" rel=\"noopener noreferrer\"><em><img loading=\"lazy\" decoding=\"async\" width=\"150\" height=\"150\" class=\"size-thumbnail wp-image-214 alignnone\" alt=\"logo bellycolor\" src=\"http:\/\/tdch.be\/WP3\/wp-content\/uploads\/2015\/03\/logo-bellycolor.jpg\"><\/em><\/a><a href=\"http:\/\/www.galler.com\" target=\"_blank\" rel=\"noopener noreferrer\"><em><img loading=\"lazy\" decoding=\"async\" width=\"150\" height=\"150\" class=\"alignnone size-full wp-image-461\" alt=\"logo galler\" src=\"http:\/\/tdch.be\/WP3\/wp-content\/uploads\/2015\/03\/logo-galler.jpg\"><\/em><\/a><a href=\"http:\/\/www.willemssound.be\" target=\"_blank\" rel=\"noopener noreferrer\"><em>&nbsp;<\/em><\/a>&nbsp;&nbsp; <a href=\"http:\/\/www.e-xstream.com\/\" target=\"_blank\" rel=\"noopener noreferrer\"><img loading=\"lazy\" decoding=\"async\" width=\"150\" height=\"59\" class=\"alignnone size-full wp-image-687\" alt=\"eXstream\" src=\"http:\/\/tdch.be\/WP3\/wp-content\/uploads\/2015\/03\/eXstream.jpg\"><\/a>&nbsp;<a href=\"http:\/\/www.soumagne.be\/\" target=\"_blank\" rel=\"noopener noreferrer\"><em><img loading=\"lazy\" decoding=\"async\" width=\"150\" height=\"95\" class=\"alignnone size-full wp-image-228\" alt=\"logo communesoumagne\" src=\"http:\/\/tdch.be\/WP3\/wp-content\/uploads\/2015\/03\/logo-communesoumagne.jpg\"><\/em><\/a><a href=\"http:\/\/www.provincedeliege.be\/\" target=\"_blank\" rel=\"noopener noreferrer\"><em><img loading=\"lazy\" decoding=\"async\" width=\"150\" height=\"98\" class=\"size-thumbnail wp-image-220 alignnone\" alt=\"logo province li\u00e8ge\" src=\"http:\/\/tdch.be\/WP3\/wp-content\/uploads\/2015\/03\/logo-province-li\u00e8ge.jpg\"><\/em><\/a><em><img loading=\"lazy\" decoding=\"async\" width=\"1\" height=\"1\" class=\"alignnone size-thumbnail wp-image-217\" alt=\"logo adeps\" src=\"http:\/\/tdch.be\/WP3\/wp-content\/uploads\/2015\/03\/logo-communaut\u00e9-fran\u00e7aise.gif\"> <\/em><em><img loading=\"lazy\" decoding=\"async\" width=\"1\" height=\"1\" class=\"alignnone size-thumbnail wp-image-217\" alt=\"logo communaut\u00e9 fran\u00e7aise\" src=\"http:\/\/tdch.be\/WP3\/wp-content\/uploads\/2015\/03\/logo-communaut\u00e9-fran\u00e7aise.gif\"><a href=\"http:\/\/www.herve.be\/fr\/\" target=\"_blank\" rel=\"noopener noreferrer\"><img loading=\"lazy\" decoding=\"async\" width=\"150\" height=\"109\" class=\"alignnone size-full wp-image-595\" alt=\"Herve_PartenaireCCF\" src=\"http:\/\/tdch.be\/WP3\/wp-content\/uploads\/2015\/03\/Herve.jpg\"><\/a>&nbsp; <\/em><\/p>\n<p>&nbsp;<\/p>\n","protected":false},"excerpt":{"rendered":"<p>11h00 ouverture du secr\u00e9tariat, retrait des dossards 11h30 ouverture du parc \u00e0 v\u00e9los ouverture du bar, barbecue et g\u00e2teaux ch\u00e2teau gonflable pour les enfants 12h30 premiers d\u00e9parts natation les \u00e9quipes et les femmes partiront dans les premi\u00e8res vagues les d\u00e9parts individuels se feront en fonction du temps natation (les meilleurs nageurs partent en dernier) 30 [&hellip;]<\/p>\n","protected":false},"author":1,"featured_media":0,"parent":0,"menu_order":0,"comment_status":"closed","ping_status":"open","template":"","meta":{"footnotes":""},"class_list":["post-177","page","type-page","status-publish","hentry"],"_links":{"self":[{"href":"http:\/\/tdch.be\/WP3\/wp-json\/wp\/v2\/pages\/177","targetHints":{"allow":["GET"]}}],"collection":[{"href":"http:\/\/tdch.be\/WP3\/wp-json\/wp\/v2\/pages"}],"about":[{"href":"http:\/\/tdch.be\/WP3\/wp-json\/wp\/v2\/types\/page"}],"author":[{"embeddable":true,"href":"http:\/\/tdch.be\/WP3\/wp-json\/wp\/v2\/users\/1"}],"replies":[{"embeddable":true,"href":"http:\/\/tdch.be\/WP3\/wp-json\/wp\/v2\/comments?post=177"}],"version-history":[{"count":18,"href":"http:\/\/tdch.be\/WP3\/wp-json\/wp\/v2\/pages\/177\/revisions"}],"predecessor-version":[{"id":769,"href":"http:\/\/tdch.be\/WP3\/wp-json\/wp\/v2\/pages\/177\/revisions\/769"}],"wp:attachment":[{"href":"http:\/\/tdch.be\/WP3\/wp-json\/wp\/v2\/media?parent=177"}],"curies":[{"name":"wp","href":"https:\/\/api.w.org\/{rel}","templated":true}]}}